{"id":748,"date":"2025-05-23T08:54:14","date_gmt":"2025-05-23T08:54:14","guid":{"rendered":"https:\/\/as-aparthotel.de\/?page_id=748"},"modified":"2025-07-11T14:02:16","modified_gmt":"2025-07-11T14:02:16","slug":"impressum","status":"publish","type":"page","link":"https:\/\/as-aparthotel.de\/index.php\/impressum\/","title":{"rendered":"Impressum"},"content":{"rendered":"\n<div class=\"wp-block-media-text is-stacked-on-mobile\"><figure class=\"wp-block-media-text__media\"><\/figure><div class=\"wp-block-media-text__content\">\n<h2 class=\"wp-block-heading\">Angaben gem\u00e4\u00df \u00a7 5 TMG<\/h2>\n\n\n\n<h3 class=\"wp-block-heading\">Inhaber\/Betreiber:<\/h3>\n\n\n\n<p>Cengiz \u00d6zkan<\/p>\n\n\n\n<h3 class=\"wp-block-heading\">Anschrift:<\/h3>\n\n\n\n<p>A.S. Aparthotel<br>Kirchgasse 28<br>73614 Schorndorf<\/p>\n\n\n\n<p>Telefon: +49 (0)7181 99 43 050<br>E-Mail: info@as-aparthotel.de<\/p>\n<\/div><\/div>\n\n\n\n<div style=\"height:50px\" aria-hidden=\"true\" class=\"wp-block-spacer\"><\/div>\n\n\n\n<h2 class=\"wp-block-heading\">Steuernummer:<\/h2>\n\n\n\n<p>90304\/21951<\/p>\n\n\n\n<h2 class=\"wp-block-heading\">Umsatzsteuer-ID:<\/h2>\n\n\n\n<p>Umsatzsteuer-Identifikationsnummer gem\u00e4\u00df \u00a727 a Umsatzsteuergesetz: DE430055335<\/p>\n\n\n\n<h2 class=\"wp-block-heading\">Plattform zur Online-Streitbeilegung der Europ\u00e4ischen Kommission:<\/h2>\n\n\n\n<p><a href=\"http:\/\/ec.europa.eu\/consumers\/odr\/\" target=\"_blank\" rel=\"noreferrer noopener\">http:\/\/ec.europa.eu\/consumers\/odr\/<\/a><\/p>\n\n\n\n<p>Quelle:&nbsp;<em><a href=\"http:\/\/www.e-recht24.de\/\">http:\/\/www.e-recht24.de<\/a><\/em><\/p>\n\n\n\n<h2 class=\"wp-block-heading\">Haftungsausschluss (Disclaimer):<\/h2>\n\n\n\n<p><strong>Haftung f\u00fcr Inhalte<\/strong><\/p>\n\n\n\n<p>Als Diensteanbieter sind wir gem\u00e4\u00df \u00a7 7 Abs.1 TMG f\u00fcr eigene Inhalte auf diesen Seiten nach den allgemeinen Gesetzen verantwortlich. Nach \u00a7\u00a7 8 bis 10 TMG sind wir als Diensteanbieter jedoch nicht verpflichtet, \u00fcbermittelte oder gespeicherte fremde Informationen zu \u00fcberwachen oder nach Umst\u00e4nden zu forschen, die auf eine rechtswidrige T\u00e4tigkeit hinweisen. Verpflichtungen zur Entfernung oder Sperrung der Nutzung von Informationen nach den allgemeinen Gesetzen bleiben hiervon unber\u00fchrt. Eine diesbez\u00fcgliche Haftung ist jedoch erst ab dem Zeitpunkt der Kenntnis einer konkreten Rechtsverletzung m\u00f6glich. Bei Bekanntwerden von entsprechenden Rechtsverletzungen werden wir diese Inhalte umgehend entfernen.<\/p>\n\n\n\n<p><strong>Haftung f\u00fcr Links<\/strong><\/p>\n\n\n\n<p>Unser Angebot enth\u00e4lt Links zu externen Webseiten Dritter, auf deren Inhalte wir keinen Einfluss haben. Deshalb k\u00f6nnen wir f\u00fcr diese fremden Inhalte auch keine Gew\u00e4hr \u00fcbernehmen. F\u00fcr die Inhalte der verlinkten Seiten ist stets der jeweilige Anbieter oder Betreiber der Seiten verantwortlich. Die verlinkten Seiten wurden zum Zeitpunkt der Verlinkung auf m\u00f6gliche Rechtsverst\u00f6\u00dfe \u00fcberpr\u00fcft. Rechtswidrige Inhalte waren zum Zeitpunkt der Verlinkung nicht erkennbar. Eine permanente inhaltliche Kontrolle der verlinkten Seiten ist jedoch ohne konkrete Anhaltspunkte einer Rechtsverletzung nicht zumutbar. Bei Bekanntwerden von Rechtsverletzungen werden wir derartige Links umgehend entfernen.<\/p>\n\n\n\n<p><strong>Urheberrecht<\/strong><\/p>\n\n\n\n<p>Die durch die Seitenbetreiber erstellten Inhalte und Werke auf diesen Seiten unterliegen dem deutschen Urheberrecht. Die Vervielf\u00e4ltigung, Bearbeitung, Verbreitung und jede Art der Verwertung au\u00dferhalb der Grenzen des Urheberrechtes bed\u00fcrfen der schriftlichen Zustimmung des jeweiligen Autors bzw. Erstellers. Downloads und Kopien dieser Seite sind nur f\u00fcr den privaten, nicht kommerziellen Gebrauch gestattet. Soweit die Inhalte auf dieser Seite nicht vom Betreiber erstellt wurden, werden die Urheberrechte Dritter beachtet. Insbesondere werden Inhalte Dritter als solche gekennzeichnet. Sollten Sie trotzdem auf eine Urheberrechtsverletzung aufmerksam werden, bitten wir um einen entsprechenden Hinweis. Bei Bekanntwerden von Rechtsverletzungen werden wir derartige Inhalte umgehend entfernen.<\/p>\n\n\n\n<h2 class=\"wp-block-heading\">Datenschutz und Kontaktformular:<\/h2>\n\n\n\n<p>Wir erheben Ihre Daten zum Zweck der Durchf\u00fchrung Ihrer Kontaktanfrage. Die Datenverarbeitung beruht auf Artikel 6 Abs. 1 f) DSGVO. Unser berechtigtes Interesse ist, Ihre Anfrage zu beantworten. Eine Weitergabe der Daten an Dritte findet nicht statt. Die Daten werden gel\u00f6scht, sobald sie f\u00fcr den Zweck ihrer Verarbeitung nicht mehr erforderlich sind. Sie haben das Recht, der Verwendung Ihrer Daten zum Zweck der Kontaktaufnahme jederzeit zu widersprechen.<\/p>\n\n\n\n<div style=\"height:30px\" aria-hidden=\"true\" class=\"wp-block-spacer\"><\/div>\n","protected":false},"excerpt":{"rendered":"<p>Angaben gem\u00e4\u00df \u00a7 5 TMG Inhaber\/Betreiber: Cengiz \u00d6zkan Anschrift: A.S. AparthotelKirchgasse 2873614 Schorndorf Telefon: +49 (0)7181 99 43 050E-Mail: info@as-aparthotel.de Steuernummer: 90304\/21951 Umsatzsteuer-ID: Umsatzsteuer-Identifikationsnummer gem\u00e4\u00df \u00a727 a Umsatzsteuergesetz: DE430055335 Plattform zur Online-Streitbeilegung der Europ\u00e4ischen Kommission: http:\/\/ec.europa.eu\/consumers\/odr\/ Quelle:&nbsp;http:\/\/www.e-recht24.de Haftungsausschluss (Disclaimer): Haftung f\u00fcr Inhalte Als Diensteanbieter sind wir gem\u00e4\u00df \u00a7 7 Abs.1 TMG f\u00fcr eigene Inhalte auf [&hellip;]<\/p>\n","protected":false},"author":1,"featured_media":0,"parent":0,"menu_order":0,"comment_status":"closed","ping_status":"closed","template":"templates\/template-testimonial.php","meta":{"pgc_sgb_lightbox_settings":"","footnotes":""},"class_list":["post-748","page","type-page","status-publish","hentry","latest_post"],"yoast_head":"<!-- This site is optimized with the Yoast SEO plugin v27.3 - https:\/\/yoast.com\/product\/yoast-seo-wordpress\/ -->\n<title>Impressum - A.S. Aparthotel<\/title>\n<meta name=\"robots\" content=\"index, follow, max-snippet:-1, max-image-preview:large, max-video-preview:-1\" \/>\n<link rel=\"canonical\" href=\"https:\/\/as-aparthotel.de\/index.php\/impressum\/\" \/>\n<meta property=\"og:locale\" content=\"de_DE\" \/>\n<meta property=\"og:type\" content=\"article\" \/>\n<meta property=\"og:title\" content=\"Impressum - A.S. Aparthotel\" \/>\n<meta property=\"og:description\" content=\"Angaben gem\u00e4\u00df \u00a7 5 TMG Inhaber\/Betreiber: Cengiz \u00d6zkan Anschrift: A.S. AparthotelKirchgasse 2873614 Schorndorf Telefon: +49 (0)7181 99 43 050E-Mail: info@as-aparthotel.de Steuernummer: 90304\/21951 Umsatzsteuer-ID: Umsatzsteuer-Identifikationsnummer gem\u00e4\u00df \u00a727 a Umsatzsteuergesetz: DE430055335 Plattform zur Online-Streitbeilegung der Europ\u00e4ischen Kommission: http:\/\/ec.europa.eu\/consumers\/odr\/ Quelle:&nbsp;http:\/\/www.e-recht24.de Haftungsausschluss (Disclaimer): Haftung f\u00fcr Inhalte Als Diensteanbieter sind wir gem\u00e4\u00df \u00a7 7 Abs.1 TMG f\u00fcr eigene Inhalte auf [&hellip;]\" \/>\n<meta property=\"og:url\" content=\"https:\/\/as-aparthotel.de\/index.php\/impressum\/\" \/>\n<meta property=\"og:site_name\" content=\"A.S. Aparthotel\" \/>\n<meta property=\"article:modified_time\" content=\"2025-07-11T14:02:16+00:00\" \/>\n<meta name=\"twitter:card\" content=\"summary_large_image\" \/>\n<meta name=\"twitter:label1\" content=\"Gesch\u00e4tzte Lesezeit\" \/>\n\t<meta name=\"twitter:data1\" content=\"3\u00a0Minuten\" \/>\n<script type=\"application\/ld+json\" class=\"yoast-schema-graph\">{\"@context\":\"https:\\\/\\\/schema.org\",\"@graph\":[{\"@type\":\"WebPage\",\"@id\":\"https:\\\/\\\/as-aparthotel.de\\\/index.php\\\/impressum\\\/\",\"url\":\"https:\\\/\\\/as-aparthotel.de\\\/index.php\\\/impressum\\\/\",\"name\":\"Impressum - A.S. Aparthotel\",\"isPartOf\":{\"@id\":\"https:\\\/\\\/as-aparthotel.de\\\/#website\"},\"datePublished\":\"2025-05-23T08:54:14+00:00\",\"dateModified\":\"2025-07-11T14:02:16+00:00\",\"breadcrumb\":{\"@id\":\"https:\\\/\\\/as-aparthotel.de\\\/index.php\\\/impressum\\\/#breadcrumb\"},\"inLanguage\":\"de\",\"potentialAction\":[{\"@type\":\"ReadAction\",\"target\":[\"https:\\\/\\\/as-aparthotel.de\\\/index.php\\\/impressum\\\/\"]}]},{\"@type\":\"BreadcrumbList\",\"@id\":\"https:\\\/\\\/as-aparthotel.de\\\/index.php\\\/impressum\\\/#breadcrumb\",\"itemListElement\":[{\"@type\":\"ListItem\",\"position\":1,\"name\":\"Startseite\",\"item\":\"https:\\\/\\\/as-aparthotel.de\\\/\"},{\"@type\":\"ListItem\",\"position\":2,\"name\":\"Impressum\"}]},{\"@type\":\"WebSite\",\"@id\":\"https:\\\/\\\/as-aparthotel.de\\\/#website\",\"url\":\"https:\\\/\\\/as-aparthotel.de\\\/\",\"name\":\"A.S. Aparthotel\",\"description\":\"\",\"publisher\":{\"@id\":\"https:\\\/\\\/as-aparthotel.de\\\/#organization\"},\"potentialAction\":[{\"@type\":\"SearchAction\",\"target\":{\"@type\":\"EntryPoint\",\"urlTemplate\":\"https:\\\/\\\/as-aparthotel.de\\\/?s={search_term_string}\"},\"query-input\":{\"@type\":\"PropertyValueSpecification\",\"valueRequired\":true,\"valueName\":\"search_term_string\"}}],\"inLanguage\":\"de\"},{\"@type\":\"Organization\",\"@id\":\"https:\\\/\\\/as-aparthotel.de\\\/#organization\",\"name\":\"A.S. Aparthotel\",\"url\":\"https:\\\/\\\/as-aparthotel.de\\\/\",\"logo\":{\"@type\":\"ImageObject\",\"inLanguage\":\"de\",\"@id\":\"https:\\\/\\\/as-aparthotel.de\\\/#\\\/schema\\\/logo\\\/image\\\/\",\"url\":\"https:\\\/\\\/as-aparthotel.de\\\/wp-content\\\/uploads\\\/2025\\\/05\\\/A.S.-Aparthotel-Logo.png\",\"contentUrl\":\"https:\\\/\\\/as-aparthotel.de\\\/wp-content\\\/uploads\\\/2025\\\/05\\\/A.S.-Aparthotel-Logo.png\",\"width\":273,\"height\":51,\"caption\":\"A.S. Aparthotel\"},\"image\":{\"@id\":\"https:\\\/\\\/as-aparthotel.de\\\/#\\\/schema\\\/logo\\\/image\\\/\"}}]}<\/script>\n<!-- \/ Yoast SEO plugin. -->","yoast_head_json":{"title":"Impressum - A.S. Aparthotel","robots":{"index":"index","follow":"follow","max-snippet":"max-snippet:-1","max-image-preview":"max-image-preview:large","max-video-preview":"max-video-preview:-1"},"canonical":"https:\/\/as-aparthotel.de\/index.php\/impressum\/","og_locale":"de_DE","og_type":"article","og_title":"Impressum - A.S. Aparthotel","og_description":"Angaben gem\u00e4\u00df \u00a7 5 TMG Inhaber\/Betreiber: Cengiz \u00d6zkan Anschrift: A.S. AparthotelKirchgasse 2873614 Schorndorf Telefon: +49 (0)7181 99 43 050E-Mail: info@as-aparthotel.de Steuernummer: 90304\/21951 Umsatzsteuer-ID: Umsatzsteuer-Identifikationsnummer gem\u00e4\u00df \u00a727 a Umsatzsteuergesetz: DE430055335 Plattform zur Online-Streitbeilegung der Europ\u00e4ischen Kommission: http:\/\/ec.europa.eu\/consumers\/odr\/ Quelle:&nbsp;http:\/\/www.e-recht24.de Haftungsausschluss (Disclaimer): Haftung f\u00fcr Inhalte Als Diensteanbieter sind wir gem\u00e4\u00df \u00a7 7 Abs.1 TMG f\u00fcr eigene Inhalte auf [&hellip;]","og_url":"https:\/\/as-aparthotel.de\/index.php\/impressum\/","og_site_name":"A.S. Aparthotel","article_modified_time":"2025-07-11T14:02:16+00:00","twitter_card":"summary_large_image","twitter_misc":{"Gesch\u00e4tzte Lesezeit":"3\u00a0Minuten"},"schema":{"@context":"https:\/\/schema.org","@graph":[{"@type":"WebPage","@id":"https:\/\/as-aparthotel.de\/index.php\/impressum\/","url":"https:\/\/as-aparthotel.de\/index.php\/impressum\/","name":"Impressum - A.S. Aparthotel","isPartOf":{"@id":"https:\/\/as-aparthotel.de\/#website"},"datePublished":"2025-05-23T08:54:14+00:00","dateModified":"2025-07-11T14:02:16+00:00","breadcrumb":{"@id":"https:\/\/as-aparthotel.de\/index.php\/impressum\/#breadcrumb"},"inLanguage":"de","potentialAction":[{"@type":"ReadAction","target":["https:\/\/as-aparthotel.de\/index.php\/impressum\/"]}]},{"@type":"BreadcrumbList","@id":"https:\/\/as-aparthotel.de\/index.php\/impressum\/#breadcrumb","itemListElement":[{"@type":"ListItem","position":1,"name":"Startseite","item":"https:\/\/as-aparthotel.de\/"},{"@type":"ListItem","position":2,"name":"Impressum"}]},{"@type":"WebSite","@id":"https:\/\/as-aparthotel.de\/#website","url":"https:\/\/as-aparthotel.de\/","name":"A.S. Aparthotel","description":"","publisher":{"@id":"https:\/\/as-aparthotel.de\/#organization"},"potentialAction":[{"@type":"SearchAction","target":{"@type":"EntryPoint","urlTemplate":"https:\/\/as-aparthotel.de\/?s={search_term_string}"},"query-input":{"@type":"PropertyValueSpecification","valueRequired":true,"valueName":"search_term_string"}}],"inLanguage":"de"},{"@type":"Organization","@id":"https:\/\/as-aparthotel.de\/#organization","name":"A.S. Aparthotel","url":"https:\/\/as-aparthotel.de\/","logo":{"@type":"ImageObject","inLanguage":"de","@id":"https:\/\/as-aparthotel.de\/#\/schema\/logo\/image\/","url":"https:\/\/as-aparthotel.de\/wp-content\/uploads\/2025\/05\/A.S.-Aparthotel-Logo.png","contentUrl":"https:\/\/as-aparthotel.de\/wp-content\/uploads\/2025\/05\/A.S.-Aparthotel-Logo.png","width":273,"height":51,"caption":"A.S. Aparthotel"},"image":{"@id":"https:\/\/as-aparthotel.de\/#\/schema\/logo\/image\/"}}]}},"_links":{"self":[{"href":"https:\/\/as-aparthotel.de\/index.php\/wp-json\/wp\/v2\/pages\/748","targetHints":{"allow":["GET"]}}],"collection":[{"href":"https:\/\/as-aparthotel.de\/index.php\/wp-json\/wp\/v2\/pages"}],"about":[{"href":"https:\/\/as-aparthotel.de\/index.php\/wp-json\/wp\/v2\/types\/page"}],"author":[{"embeddable":true,"href":"https:\/\/as-aparthotel.de\/index.php\/wp-json\/wp\/v2\/users\/1"}],"replies":[{"embeddable":true,"href":"https:\/\/as-aparthotel.de\/index.php\/wp-json\/wp\/v2\/comments?post=748"}],"version-history":[{"count":31,"href":"https:\/\/as-aparthotel.de\/index.php\/wp-json\/wp\/v2\/pages\/748\/revisions"}],"predecessor-version":[{"id":1329,"href":"https:\/\/as-aparthotel.de\/index.php\/wp-json\/wp\/v2\/pages\/748\/revisions\/1329"}],"wp:attachment":[{"href":"https:\/\/as-aparthotel.de\/index.php\/wp-json\/wp\/v2\/media?parent=748"}],"curies":[{"name":"wp","href":"https:\/\/api.w.org\/{rel}","templated":true}]}}