{"id":557,"date":"2016-08-01T21:07:00","date_gmt":"2016-08-01T21:07:00","guid":{"rendered":"http:\/\/raratheme.com\/preview\/business-one-page-pro\/?page_id=557"},"modified":"2025-05-31T07:33:24","modified_gmt":"2025-05-31T07:33:24","slug":"ueber-uns","status":"publish","type":"page","link":"https:\/\/as-aparthotel.de\/index.php\/ueber-uns\/","title":{"rendered":"\u00dcber uns"},"content":{"rendered":"\n<h3 class=\"wp-block-heading\">Willkommen im A.S. Aparthotel Schorndorf \u2013 Wohnen mit Stil und Komfort<\/h3>\n\n\n\n<p>Mitten in der charmanten Altstadt von Schorndorf vereint das A.S. Aparthotel den Komfort eines Hotels mit der Freiheit eines Apartments. Ob f\u00fcr wenige Tage, Wochen oder mehrere Monate \u2013 bei uns finden Sie die passende Unterkunft f\u00fcr Ihren Aufenthalt auf Zeit.<\/p>\n\n\n\n<div style=\"height:15px\" aria-hidden=\"true\" class=\"wp-block-spacer\"><\/div>\n\n\n\n<div class=\"wp-block-columns is-layout-flex wp-container-core-columns-is-layout-9d6595d7 wp-block-columns-is-layout-flex\">\n<div class=\"wp-block-column is-layout-flow wp-block-column-is-layout-flow\"><div class=\"wp-block-image\">\n<figure class=\"alignleft size-full is-resized\"><img decoding=\"async\" src=\"data:image\/gif;base64,R0lGODlhAQABAAAAACH5BAEKAAEALAAAAAABAAEAAAICTAEAOw==\" data-layzr=\"https:\/\/as-aparthotel.de\/wp-content\/uploads\/2025\/05\/P1030416-1-scaled.jpg\" alt=\"\" class=\"wp-image-1259\" style=\"width:auto;height:350px\"\/><\/figure>\n<\/div><\/div>\n\n\n\n<div class=\"wp-block-column is-layout-flow wp-block-column-is-layout-flow\">\n<h3 class=\"wp-block-heading\">F\u00fcr Gesch\u00e4ftsreisende, Urlauber und Langzeitg\u00e4ste<\/h3>\n\n\n\n<p>Unser Haus ist ideal f\u00fcr alle, die Wert auf Zentralit\u00e4t, Service und Unabh\u00e4ngigkeit legen. Dank der hervorragenden Lage erreichen Sie den Bahnhof in nur wenigen Gehminuten \u2013 ebenso zahlreiche Caf\u00e9s, Restaurants und Einkaufsm\u00f6glichkeiten.<\/p>\n\n\n\n<p>Ob Projektarbeit im Remstal, ein Besuch bei der Familie oder ein l\u00e4ngerer beruflicher Aufenthalt \u2013 bei uns wohnen Sie modern, unkompliziert und mit dem gewissen Extra. Unsere Apartments vereinen den Komfort eines Hotels mit der Freiheit einer eigenen Wohnung.<\/p>\n\n\n\n<p>Ob kurz oder lang \u2013 wir bieten den Rahmen f\u00fcr jede Aufenthaltsdauer.<\/p>\n<\/div>\n<\/div>\n\n\n\n<h3 class=\"wp-block-heading\">Unsere Philosophie<\/h3>\n\n\n\n<p>Wir glauben, dass sich wahre Gastfreundschaft nicht nur in Worten, sondern im Detail zeigt. Deshalb legen wir besonderen Wert auf Sauberkeit, Zuverl\u00e4ssigkeit und eine entspannte Atmosph\u00e4re. Bei uns finden Sie einen Ort zum Ankommen, Durchatmen und Wohlf\u00fchlen \u2013 ganz gleich, wie lange Sie bleiben.<\/p>\n\n\n\n<div style=\"height:15px\" aria-hidden=\"true\" class=\"wp-block-spacer\"><\/div>\n\n\n\n<h3 class=\"wp-block-heading\">Wir freuen uns auf Sie<\/h3>\n\n\n\n<p>Ob gesch\u00e4ftlich oder privat \u2013 wir hei\u00dfen Sie herzlich willkommen im A.S. Aparthotel Schorndorf.<\/p>\n\n\n\n<div class=\"wp-block-buttons is-layout-flex wp-block-buttons-is-layout-flex\">\n<div class=\"wp-block-button\"><a class=\"wp-block-button__link wp-element-button\">Jetzt Apartment buchen!<\/a><\/div>\n<\/div>\n\n\n\n<div style=\"height:25px\" aria-hidden=\"true\" class=\"wp-block-spacer\"><\/div>\n\n\n\n<div class=\"wp-block-columns is-layout-flex wp-container-core-columns-is-layout-9d6595d7 wp-block-columns-is-layout-flex\">\n<div class=\"wp-block-column is-layout-flow wp-block-column-is-layout-flow\"><\/div>\n\n\n\n<div class=\"wp-block-column is-layout-flow wp-block-column-is-layout-flow\"><\/div>\n<\/div>\n\n\n\n<p><\/p>\n","protected":false},"excerpt":{"rendered":"<p>Willkommen im A.S. Aparthotel Schorndorf \u2013 Wohnen mit Stil und Komfort Mitten in der charmanten Altstadt von Schorndorf vereint das A.S. Aparthotel den Komfort eines Hotels mit der Freiheit eines Apartments. Ob f\u00fcr wenige Tage, Wochen oder mehrere Monate \u2013 bei uns finden Sie die passende Unterkunft f\u00fcr Ihren Aufenthalt auf Zeit. F\u00fcr Gesch\u00e4ftsreisende, Urlauber [&hellip;]<\/p>\n","protected":false},"author":1,"featured_media":0,"parent":0,"menu_order":0,"comment_status":"closed","ping_status":"closed","template":"templates\/template-testimonial.php","meta":{"pgc_sgb_lightbox_settings":"","footnotes":""},"class_list":["post-557","page","type-page","status-publish","hentry","latest_post"],"yoast_head":"<!-- This site is optimized with the Yoast SEO plugin v27.3 - https:\/\/yoast.com\/product\/yoast-seo-wordpress\/ -->\n<title>\u00dcber uns - A.S. Aparthotel<\/title>\n<meta name=\"robots\" content=\"index, follow, max-snippet:-1, max-image-preview:large, max-video-preview:-1\" \/>\n<link rel=\"canonical\" href=\"https:\/\/as-aparthotel.de\/index.php\/ueber-uns\/\" \/>\n<meta property=\"og:locale\" content=\"de_DE\" \/>\n<meta property=\"og:type\" content=\"article\" \/>\n<meta property=\"og:title\" content=\"\u00dcber uns - A.S. Aparthotel\" \/>\n<meta property=\"og:description\" content=\"Willkommen im A.S. Aparthotel Schorndorf \u2013 Wohnen mit Stil und Komfort Mitten in der charmanten Altstadt von Schorndorf vereint das A.S. Aparthotel den Komfort eines Hotels mit der Freiheit eines Apartments. Ob f\u00fcr wenige Tage, Wochen oder mehrere Monate \u2013 bei uns finden Sie die passende Unterkunft f\u00fcr Ihren Aufenthalt auf Zeit. F\u00fcr Gesch\u00e4ftsreisende, Urlauber [&hellip;]\" \/>\n<meta property=\"og:url\" content=\"https:\/\/as-aparthotel.de\/index.php\/ueber-uns\/\" \/>\n<meta property=\"og:site_name\" content=\"A.S. Aparthotel\" \/>\n<meta property=\"article:modified_time\" content=\"2025-05-31T07:33:24+00:00\" \/>\n<meta property=\"og:image\" content=\"https:\/\/as-aparthotel.de\/wp-content\/uploads\/2025\/05\/P1030416-1-scaled.jpg\" \/>\n<meta name=\"twitter:card\" content=\"summary_large_image\" \/>\n<meta name=\"twitter:label1\" content=\"Gesch\u00e4tzte Lesezeit\" \/>\n\t<meta name=\"twitter:data1\" content=\"2\u00a0Minuten\" \/>\n<script type=\"application\/ld+json\" class=\"yoast-schema-graph\">{\"@context\":\"https:\\\/\\\/schema.org\",\"@graph\":[{\"@type\":\"WebPage\",\"@id\":\"https:\\\/\\\/as-aparthotel.de\\\/index.php\\\/ueber-uns\\\/\",\"url\":\"https:\\\/\\\/as-aparthotel.de\\\/index.php\\\/ueber-uns\\\/\",\"name\":\"\u00dcber uns - A.S. Aparthotel\",\"isPartOf\":{\"@id\":\"https:\\\/\\\/as-aparthotel.de\\\/#website\"},\"primaryImageOfPage\":{\"@id\":\"https:\\\/\\\/as-aparthotel.de\\\/index.php\\\/ueber-uns\\\/#primaryimage\"},\"image\":{\"@id\":\"https:\\\/\\\/as-aparthotel.de\\\/index.php\\\/ueber-uns\\\/#primaryimage\"},\"thumbnailUrl\":\"https:\\\/\\\/as-aparthotel.de\\\/wp-content\\\/uploads\\\/2025\\\/05\\\/P1030416-1-scaled.jpg\",\"datePublished\":\"2016-08-01T21:07:00+00:00\",\"dateModified\":\"2025-05-31T07:33:24+00:00\",\"breadcrumb\":{\"@id\":\"https:\\\/\\\/as-aparthotel.de\\\/index.php\\\/ueber-uns\\\/#breadcrumb\"},\"inLanguage\":\"de\",\"potentialAction\":[{\"@type\":\"ReadAction\",\"target\":[\"https:\\\/\\\/as-aparthotel.de\\\/index.php\\\/ueber-uns\\\/\"]}]},{\"@type\":\"ImageObject\",\"inLanguage\":\"de\",\"@id\":\"https:\\\/\\\/as-aparthotel.de\\\/index.php\\\/ueber-uns\\\/#primaryimage\",\"url\":\"https:\\\/\\\/as-aparthotel.de\\\/wp-content\\\/uploads\\\/2025\\\/05\\\/P1030416-1-scaled.jpg\",\"contentUrl\":\"https:\\\/\\\/as-aparthotel.de\\\/wp-content\\\/uploads\\\/2025\\\/05\\\/P1030416-1-scaled.jpg\",\"width\":2560,\"height\":1922},{\"@type\":\"BreadcrumbList\",\"@id\":\"https:\\\/\\\/as-aparthotel.de\\\/index.php\\\/ueber-uns\\\/#breadcrumb\",\"itemListElement\":[{\"@type\":\"ListItem\",\"position\":1,\"name\":\"Startseite\",\"item\":\"https:\\\/\\\/as-aparthotel.de\\\/\"},{\"@type\":\"ListItem\",\"position\":2,\"name\":\"\u00dcber uns\"}]},{\"@type\":\"WebSite\",\"@id\":\"https:\\\/\\\/as-aparthotel.de\\\/#website\",\"url\":\"https:\\\/\\\/as-aparthotel.de\\\/\",\"name\":\"A.S. Aparthotel\",\"description\":\"\",\"publisher\":{\"@id\":\"https:\\\/\\\/as-aparthotel.de\\\/#organization\"},\"potentialAction\":[{\"@type\":\"SearchAction\",\"target\":{\"@type\":\"EntryPoint\",\"urlTemplate\":\"https:\\\/\\\/as-aparthotel.de\\\/?s={search_term_string}\"},\"query-input\":{\"@type\":\"PropertyValueSpecification\",\"valueRequired\":true,\"valueName\":\"search_term_string\"}}],\"inLanguage\":\"de\"},{\"@type\":\"Organization\",\"@id\":\"https:\\\/\\\/as-aparthotel.de\\\/#organization\",\"name\":\"A.S. Aparthotel\",\"url\":\"https:\\\/\\\/as-aparthotel.de\\\/\",\"logo\":{\"@type\":\"ImageObject\",\"inLanguage\":\"de\",\"@id\":\"https:\\\/\\\/as-aparthotel.de\\\/#\\\/schema\\\/logo\\\/image\\\/\",\"url\":\"https:\\\/\\\/as-aparthotel.de\\\/wp-content\\\/uploads\\\/2025\\\/05\\\/A.S.-Aparthotel-Logo.png\",\"contentUrl\":\"https:\\\/\\\/as-aparthotel.de\\\/wp-content\\\/uploads\\\/2025\\\/05\\\/A.S.-Aparthotel-Logo.png\",\"width\":273,\"height\":51,\"caption\":\"A.S. Aparthotel\"},\"image\":{\"@id\":\"https:\\\/\\\/as-aparthotel.de\\\/#\\\/schema\\\/logo\\\/image\\\/\"}}]}<\/script>\n<!-- \/ Yoast SEO plugin. -->","yoast_head_json":{"title":"\u00dcber uns - A.S. Aparthotel","robots":{"index":"index","follow":"follow","max-snippet":"max-snippet:-1","max-image-preview":"max-image-preview:large","max-video-preview":"max-video-preview:-1"},"canonical":"https:\/\/as-aparthotel.de\/index.php\/ueber-uns\/","og_locale":"de_DE","og_type":"article","og_title":"\u00dcber uns - A.S. Aparthotel","og_description":"Willkommen im A.S. Aparthotel Schorndorf \u2013 Wohnen mit Stil und Komfort Mitten in der charmanten Altstadt von Schorndorf vereint das A.S. Aparthotel den Komfort eines Hotels mit der Freiheit eines Apartments. Ob f\u00fcr wenige Tage, Wochen oder mehrere Monate \u2013 bei uns finden Sie die passende Unterkunft f\u00fcr Ihren Aufenthalt auf Zeit. F\u00fcr Gesch\u00e4ftsreisende, Urlauber [&hellip;]","og_url":"https:\/\/as-aparthotel.de\/index.php\/ueber-uns\/","og_site_name":"A.S. Aparthotel","article_modified_time":"2025-05-31T07:33:24+00:00","og_image":[{"url":"https:\/\/as-aparthotel.de\/wp-content\/uploads\/2025\/05\/P1030416-1-scaled.jpg","type":"","width":"","height":""}],"twitter_card":"summary_large_image","twitter_misc":{"Gesch\u00e4tzte Lesezeit":"2\u00a0Minuten"},"schema":{"@context":"https:\/\/schema.org","@graph":[{"@type":"WebPage","@id":"https:\/\/as-aparthotel.de\/index.php\/ueber-uns\/","url":"https:\/\/as-aparthotel.de\/index.php\/ueber-uns\/","name":"\u00dcber uns - A.S. Aparthotel","isPartOf":{"@id":"https:\/\/as-aparthotel.de\/#website"},"primaryImageOfPage":{"@id":"https:\/\/as-aparthotel.de\/index.php\/ueber-uns\/#primaryimage"},"image":{"@id":"https:\/\/as-aparthotel.de\/index.php\/ueber-uns\/#primaryimage"},"thumbnailUrl":"https:\/\/as-aparthotel.de\/wp-content\/uploads\/2025\/05\/P1030416-1-scaled.jpg","datePublished":"2016-08-01T21:07:00+00:00","dateModified":"2025-05-31T07:33:24+00:00","breadcrumb":{"@id":"https:\/\/as-aparthotel.de\/index.php\/ueber-uns\/#breadcrumb"},"inLanguage":"de","potentialAction":[{"@type":"ReadAction","target":["https:\/\/as-aparthotel.de\/index.php\/ueber-uns\/"]}]},{"@type":"ImageObject","inLanguage":"de","@id":"https:\/\/as-aparthotel.de\/index.php\/ueber-uns\/#primaryimage","url":"https:\/\/as-aparthotel.de\/wp-content\/uploads\/2025\/05\/P1030416-1-scaled.jpg","contentUrl":"https:\/\/as-aparthotel.de\/wp-content\/uploads\/2025\/05\/P1030416-1-scaled.jpg","width":2560,"height":1922},{"@type":"BreadcrumbList","@id":"https:\/\/as-aparthotel.de\/index.php\/ueber-uns\/#breadcrumb","itemListElement":[{"@type":"ListItem","position":1,"name":"Startseite","item":"https:\/\/as-aparthotel.de\/"},{"@type":"ListItem","position":2,"name":"\u00dcber uns"}]},{"@type":"WebSite","@id":"https:\/\/as-aparthotel.de\/#website","url":"https:\/\/as-aparthotel.de\/","name":"A.S. Aparthotel","description":"","publisher":{"@id":"https:\/\/as-aparthotel.de\/#organization"},"potentialAction":[{"@type":"SearchAction","target":{"@type":"EntryPoint","urlTemplate":"https:\/\/as-aparthotel.de\/?s={search_term_string}"},"query-input":{"@type":"PropertyValueSpecification","valueRequired":true,"valueName":"search_term_string"}}],"inLanguage":"de"},{"@type":"Organization","@id":"https:\/\/as-aparthotel.de\/#organization","name":"A.S. Aparthotel","url":"https:\/\/as-aparthotel.de\/","logo":{"@type":"ImageObject","inLanguage":"de","@id":"https:\/\/as-aparthotel.de\/#\/schema\/logo\/image\/","url":"https:\/\/as-aparthotel.de\/wp-content\/uploads\/2025\/05\/A.S.-Aparthotel-Logo.png","contentUrl":"https:\/\/as-aparthotel.de\/wp-content\/uploads\/2025\/05\/A.S.-Aparthotel-Logo.png","width":273,"height":51,"caption":"A.S. Aparthotel"},"image":{"@id":"https:\/\/as-aparthotel.de\/#\/schema\/logo\/image\/"}}]}},"_links":{"self":[{"href":"https:\/\/as-aparthotel.de\/index.php\/wp-json\/wp\/v2\/pages\/557","targetHints":{"allow":["GET"]}}],"collection":[{"href":"https:\/\/as-aparthotel.de\/index.php\/wp-json\/wp\/v2\/pages"}],"about":[{"href":"https:\/\/as-aparthotel.de\/index.php\/wp-json\/wp\/v2\/types\/page"}],"author":[{"embeddable":true,"href":"https:\/\/as-aparthotel.de\/index.php\/wp-json\/wp\/v2\/users\/1"}],"replies":[{"embeddable":true,"href":"https:\/\/as-aparthotel.de\/index.php\/wp-json\/wp\/v2\/comments?post=557"}],"version-history":[{"count":73,"href":"https:\/\/as-aparthotel.de\/index.php\/wp-json\/wp\/v2\/pages\/557\/revisions"}],"predecessor-version":[{"id":1261,"href":"https:\/\/as-aparthotel.de\/index.php\/wp-json\/wp\/v2\/pages\/557\/revisions\/1261"}],"wp:attachment":[{"href":"https:\/\/as-aparthotel.de\/index.php\/wp-json\/wp\/v2\/media?parent=557"}],"curies":[{"name":"wp","href":"https:\/\/api.w.org\/{rel}","templated":true}]}}